{"id":71,"date":"2018-06-13T19:02:59","date_gmt":"2018-06-13T17:02:59","guid":{"rendered":"http:\/\/microkine-claude.be\/?page_id=71"},"modified":"2021-05-17T10:47:39","modified_gmt":"2021-05-17T08:47:39","slug":"deroulement-dune-seance","status":"publish","type":"page","link":"https:\/\/microkine-claude.be\/index.php\/deroulement-dune-seance\/","title":{"rendered":"D\u00e9roulement d&rsquo;une s\u00e9ance"},"content":{"rendered":"<p>Une s\u00e9ance de microkin\u00e9sith\u00e9rapie dure entre 30 et 45 minutes et est factur\u00e9e 55\u20ac. Le patient reste habill\u00e9 tout du long, couch\u00e9 sur le dos. La s\u00e9ance peut \u00e9galement se faire assisse en cas de besoin. Pour un enfant en bas \u00e2ge, je m&rsquo;adapte \u00e0 la position privil\u00e9gi\u00e9e.<\/p>\n<p>Via une palpation dermique, je recherche alors des diff\u00e9rences de densit\u00e9 dans les tissus. Je compare souvent cela \u00e0 une \u00e9ponge de cuisine ; humide, elle repr\u00e9sente un tissu sain, mou au toucher. Lorsque le derme pr\u00e9sente une r\u00e9sistance, comme une \u00e9ponge s\u00e8che, il s\u2019agit d\u2019une zone en l\u00e9sion.<\/p>\n<p>Ensuite, je recherche un point relais, qui constitue la m\u00e9moire cicatricielle. Il s\u2019agit rarement de l\u2019endroit o\u00f9 se manifeste le sympt\u00f4me, ce pourquoi pendant la s\u00e9ance, le microkin\u00e9sith\u00e9rapeute palpe l\u2019ensemble du corps du patient et pas juste l\u2019endroit douloureux.<\/p>\n<p>Enfin, en pr\u00e9sentant un point r\u00e9f\u00e9rence au relais, le \u00ab noeud cicatriciel \u00bb se corrige, et les zones reprennent une densit\u00e9 normale dans les secondes qui suivent.<\/p>\n<p>D\u00e8s la fin de la s\u00e9ance, le corps du patient va ainsi effectuer son auto-gu\u00e9rison, qui peut prendre plusieurs semaines. Mais les premiers r\u00e9sultats apparaissent souvent le jour m\u00eame ou le lendemain.<\/p>\n<p>Apr\u00e8s 3-4 semaines, une s\u00e9ance de \u00ab\u00a0contr\u00f4le\u00a0\u00bb peut \u00eatre pr\u00e9vue en cas de besoin, particuli\u00e8rement chez les adultes chez qui il y a souvent plus d&rsquo;accumulation.<\/p>\n","protected":false},"excerpt":{"rendered":"<p>Une s\u00e9ance de microkin\u00e9sith\u00e9rapie dure entre 30 et 45 minutes et est factur\u00e9e 55\u20ac. Le patient reste habill\u00e9 tout du long, couch\u00e9 sur le dos. La s\u00e9ance peut \u00e9galement se faire assisse en cas de besoin. Pour un enfant en bas \u00e2ge, je m&rsquo;adapte \u00e0 la position privil\u00e9gi\u00e9e. Via une palpation dermique, je recherche alors [&hellip;]<\/p>\n","protected":false},"author":1,"featured_media":0,"parent":0,"menu_order":0,"comment_status":"closed","ping_status":"closed","template":"","meta":{"footnotes":""},"_links":{"self":[{"href":"https:\/\/microkine-claude.be\/index.php\/wp-json\/wp\/v2\/pages\/71"}],"collection":[{"href":"https:\/\/microkine-claude.be\/index.php\/wp-json\/wp\/v2\/pages"}],"about":[{"href":"https:\/\/microkine-claude.be\/index.php\/wp-json\/wp\/v2\/types\/page"}],"author":[{"embeddable":true,"href":"https:\/\/microkine-claude.be\/index.php\/wp-json\/wp\/v2\/users\/1"}],"replies":[{"embeddable":true,"href":"https:\/\/microkine-claude.be\/index.php\/wp-json\/wp\/v2\/comments?post=71"}],"version-history":[{"count":7,"href":"https:\/\/microkine-claude.be\/index.php\/wp-json\/wp\/v2\/pages\/71\/revisions"}],"predecessor-version":[{"id":435,"href":"https:\/\/microkine-claude.be\/index.php\/wp-json\/wp\/v2\/pages\/71\/revisions\/435"}],"wp:attachment":[{"href":"https:\/\/microkine-claude.be\/index.php\/wp-json\/wp\/v2\/media?parent=71"}],"curies":[{"name":"wp","href":"https:\/\/api.w.org\/{rel}","templated":true}]}}