{"id":8,"date":"2018-06-13T15:14:52","date_gmt":"2018-06-13T13:14:52","guid":{"rendered":"http:\/\/microkine-claude.be\/?page_id=8"},"modified":"2020-08-18T13:20:42","modified_gmt":"2020-08-18T11:20:42","slug":"a-propos-de","status":"publish","type":"page","link":"https:\/\/microkine-claude.be\/index.php\/a-propos-de\/","title":{"rendered":"Qu&rsquo;est-ce que c&rsquo;est ?"},"content":{"rendered":"<p>Nous sommes r\u00e9guli\u00e8rement soumis \u00e0 des situations physiquement ou \u00e9motionnellement difficiles (stress, changements de vie, deuils, \u2026) La plupart du temps, nous parvenons \u00e0 nous adapter et \u00e0 g\u00e9rer ces \u00e9v\u00e8nements.<br \/>\nMais les accumulations ou une \u00e9preuve tout simplement trop difficile, font que nos ressources en viennent \u00e0 \u00eatre d\u00e9pass\u00e9es.<\/p>\n<p>Parfois le traumatisme est facilement identifiable, comme dans le cas d&rsquo;un d\u00e9c\u00e8s ou d&rsquo;un accident, mais il s&rsquo;agit souvent d&rsquo;accumulations plus insidieuses.<\/p>\n<p>Une \u00ab trace \u00bb va alors \u00eatre conserv\u00e9e dans l\u2019organisme, comme une mise en attente. Sur ce terrain se d\u00e9veloppent facilement des pathologies ; des troubles du sommeil ou digestif surviennent, l\u2019humeur devient instable. Des douleurs musculo-articulaires ne tardent pas \u00e0 appara\u00eetre, r\u00e9calcitrantes aux traitements conventionnels.<\/p>\n<p>Gr\u00e2ce \u00e0 une palpation dermique sp\u00e9cifique, le microkin\u00e9sith\u00e9rapeute va remonter aux causes traumatiques et pr\u00e9senter au corps les corrections \u00e0 effectuer. Il n&rsquo;y a pas de manipulations vert\u00e9brales, et la m\u00e9thode convient aussi bien aux patients \u00e2g\u00e9s qu&rsquo;aux nouveaux-n\u00e9s.<\/p>\n","protected":false},"excerpt":{"rendered":"<p>Nous sommes r\u00e9guli\u00e8rement soumis \u00e0 des situations physiquement ou \u00e9motionnellement difficiles (stress, changements de vie, deuils, \u2026) La plupart du temps, nous parvenons \u00e0 nous adapter et \u00e0 g\u00e9rer ces \u00e9v\u00e8nements. Mais les accumulations ou une \u00e9preuve tout simplement trop difficile, font que nos ressources en viennent \u00e0 \u00eatre d\u00e9pass\u00e9es. Parfois le traumatisme est facilement [&hellip;]<\/p>\n","protected":false},"author":1,"featured_media":0,"parent":0,"menu_order":0,"comment_status":"closed","ping_status":"closed","template":"","meta":{"footnotes":""},"_links":{"self":[{"href":"https:\/\/microkine-claude.be\/index.php\/wp-json\/wp\/v2\/pages\/8"}],"collection":[{"href":"https:\/\/microkine-claude.be\/index.php\/wp-json\/wp\/v2\/pages"}],"about":[{"href":"https:\/\/microkine-claude.be\/index.php\/wp-json\/wp\/v2\/types\/page"}],"author":[{"embeddable":true,"href":"https:\/\/microkine-claude.be\/index.php\/wp-json\/wp\/v2\/users\/1"}],"replies":[{"embeddable":true,"href":"https:\/\/microkine-claude.be\/index.php\/wp-json\/wp\/v2\/comments?post=8"}],"version-history":[{"count":8,"href":"https:\/\/microkine-claude.be\/index.php\/wp-json\/wp\/v2\/pages\/8\/revisions"}],"predecessor-version":[{"id":418,"href":"https:\/\/microkine-claude.be\/index.php\/wp-json\/wp\/v2\/pages\/8\/revisions\/418"}],"wp:attachment":[{"href":"https:\/\/microkine-claude.be\/index.php\/wp-json\/wp\/v2\/media?parent=8"}],"curies":[{"name":"wp","href":"https:\/\/api.w.org\/{rel}","templated":true}]}}